{"id":9,"date":"2016-04-02T15:45:38","date_gmt":"2016-04-02T14:45:38","guid":{"rendered":"http:\/\/neurofeedback-grenoble.fr\/?page_id=9"},"modified":"2025-12-15T14:19:37","modified_gmt":"2025-12-15T13:19:37","slug":"etudes-scientifiques-et-medias","status":"publish","type":"page","link":"https:\/\/neurofeedback-grenoble.fr\/index.php\/etudes-scientifiques-et-medias\/","title":{"rendered":"Etudes scientifiques &#038; m\u00e9dias"},"content":{"rendered":"<p><strong><em><span style=\"color: #3366ff; text-decoration: underline;\"><span style=\"text-decoration: underline;\"><span style=\"text-decoration: underline;\">E T U D E S\u00a0 <\/span><\/span><span style=\"text-decoration: underline;\"><span style=\"text-decoration: underline;\">\u00a0S C I E <\/span><\/span><span style=\"text-decoration: underline;\"><span style=\"text-decoration: underline;\">N T I F I Q U E S<\/span><\/span><\/span> :<\/em><\/strong><\/p>\n<p>\u21d2 Etude : les effets du\u00a0NEUROFEEDBACK\u00a0pour le traitement du <span style=\"color: #3366ff;\"><a style=\"color: #3366ff;\" href=\"http:\/\/www.adnf.org\/Neurofeedback_France_TDAH.htm\"><strong><u>Trouble du D\u00e9ficit de l\u2019Attention et Hyperactivit\u00e9<\/u><\/strong><\/a> (<a style=\"color: #3366ff;\" href=\"http:\/\/www.upnd.fr\/temoignages-neurofeedback\/troubles-deficitaires-de-l-attention-et-hyperactivite\/\"><strong><u>TDAH<\/u><\/strong><\/a>)<\/span> au Laboratoire de Neurosciences Fonctionnelles et Pathologies du CHU d\u2019Amiens<\/p>\n<p>\u21d2 Etude : l&rsquo;impact du\u00a0NEUROFEEDBACK NeurOptimal(R)\u00a0(Dynamical Neurofeedback\u00a9\ufe0f) sur des patients atteints de Pathologies fronto-temporale, sur \u00a0le stress, l\u2019anxi\u00e9t\u00e9 du conjoint-aidant et la relation de couple (2013). Effectu\u00e9e par\u00a0<strong>Nathalie Gunther<\/strong>\u00a0&amp;\u00a0<strong>No\u00eblle Duforest<\/strong>\u00a0psychologues cliniciens. <span style=\"color: #3366ff;\"><strong><span style=\"text-decoration: underline;\"><a style=\"color: #3366ff; text-decoration: underline;\" href=\"https:\/\/guntherduforest.wordpress.com\/2013\/01\/27\/impact-dun-programme-de-neurofeedback-au-profit-de-patients-atteints-de-pathologie-fronto-temporale\/\">\u00c9tude de La Piti\u00e9 Salp\u00eatri\u00e8re <\/a><\/span><\/strong><\/span>(chapitres 3 et 4.4)<\/p>\n<p>\u21d2 16\/01\/2016 : 1\u00e8re <strong><span style=\"text-decoration: underline;\">journ\u00e9e nationale sur le NEUROFEEDBACK <\/span><\/strong>\u00e0 l&rsquo;H\u00f4pital de la Piti\u00e9-Salp\u00eatri\u00e8re \u00e0 Paris. Journ\u00e9e \u00e0 vis\u00e9e scientifique pour faire le point sur les maturit\u00e9s et les perspectives du neurofeedback.<\/p>\n<p>Depuis cette date, il y a chaque ann\u00e9e une journ\u00e9e nationale sur le NEUROFEEDBACK.<\/p>\n<p><em><strong><span style=\"color: #3366ff; text-decoration: underline;\">M E D I A S <\/span>:<\/strong> <\/em><\/p>\n<p>\u21d2 <strong>A\u00a0VOIR<\/strong> : bande annonce du film\u00a0\u00ab\u00a0<span style=\"color: #3366ff; text-decoration: underline;\"><a style=\"color: #3366ff; text-decoration: underline;\" href=\"https:\/\/www.youtube.com\/watch?v=tQGCrKwX0pw\"><strong><em>Le bonheur est dans les neurones<\/em><\/strong><\/a><\/span>\u00a0\u00bb du Dr\u00a0Michel Meignant.<\/p>\n<p style=\"text-align: left;\">\u21d2 <strong>LIVRE<\/strong> : Isabelle FILLIOZAT recommande des s\u00e9ances de NEUROFEEDBACK (Dynamical Neurofeedback\u00a9\ufe0f), \u00e9galement\u00a0pour les terreurs nocturnes des enfants. Elle nous dit, dans son livre \u00ab\u00a0<span style=\"color: #000000;\"><strong><em>Les chemins de la joie<\/em><\/strong><\/span>\u00a0\u00bb\u00a0: \u00ab\u00a0En sus, le neurofeedback est une technique nouvelle de r\u00e9information du cerveau spectaculairement efficace. Le film de Michel Meignant, \u00ab\u00a0<em>Le Bonheur est dans les neurones\u00a0\u00bb<\/em>, est particuli\u00e8rement explicite et si les r\u00e9sultats paraissent extraordinaires, d&rsquo;exp\u00e9rience, ils sont tout \u00e0 fait r\u00e9alistes.\u00a0\u00bb<\/p>\n<p>\u21d2\u00a0<strong>LIVRE :\u00a0<\/strong><i>\u00ab\u00a0Le neurofeedback dynamique, quand notre cerveau apprend \u00e0 mieux se r\u00e9guler<\/i>\u00a0\u00bb de Corinne Fournier et Pierre Bohn<\/p>\n<p>\u21d2 <strong>LIVRE :\u00a0<\/strong>\u00ab\u00a0<em>Neurofeedback, outils, m\u00e9thodologies et applications<\/em>\u00a0\u00bb de Pascale VINCENT<\/p>\n<p><strong><span style=\"color: #3366ff; text-decoration: underline;\"><em>L I E N S\u00a0 \u00a0U T I L E S<\/em><\/span><span style=\"color: #003366;\"><em> :<\/em><\/span><\/strong><\/p>\n<p><span style=\"color: #999999;\">Membre praticien de l&rsquo;ADNF\u00a0(Association pour la Diffusion du Neurofeedback en\u00a0France) :\u00a0<\/span><span style=\"color: #3366ff; text-decoration: underline;\"><a style=\"color: #3366ff; text-decoration: underline;\" href=\"http:\/\/www.adnf.org\/neurofeedback_directory.htm#france\">adnf.org\/annuaire\/France<\/a><\/span><\/p>\n<p><a href=\"http:\/\/ctah.eu\/espaces.php?ref=1416\"><span style=\"color: #999999;\">Association CTAH-recherches (Centre des Troubles Anxieux et de l&rsquo;Humeur) :\u00a0\u00a0<\/span><span style=\"text-decoration: underline;\"><span style=\"color: #0066cc; text-decoration: underline;\">http:\/\/ctah.eu\/espaces.php?ref=1416<\/span><\/span><\/a><\/p>\n","protected":false},"excerpt":{"rendered":"<p>E T U D E S\u00a0 \u00a0S C I E N T I F I Q U E S : \u21d2 Etude : les effets du\u00a0NEUROFEEDBACK\u00a0pour le traitement du Trouble du D\u00e9ficit de l\u2019Attention et Hyperactivit\u00e9 (TDAH) au Laboratoire de &hellip; <a href=\"https:\/\/neurofeedback-grenoble.fr\/index.php\/etudes-scientifiques-et-medias\/\">Lire la suite <span class=\"meta-nav\">&rarr;<\/span><\/a><\/p>\n","protected":false},"author":1,"featured_media":0,"parent":0,"menu_order":0,"comment_status":"closed","ping_status":"closed","template":"","meta":[],"_links":{"self":[{"href":"https:\/\/neurofeedback-grenoble.fr\/index.php\/wp-json\/wp\/v2\/pages\/9"}],"collection":[{"href":"https:\/\/neurofeedback-grenoble.fr\/index.php\/wp-json\/wp\/v2\/pages"}],"about":[{"href":"https:\/\/neurofeedback-grenoble.fr\/index.php\/wp-json\/wp\/v2\/types\/page"}],"author":[{"embeddable":true,"href":"https:\/\/neurofeedback-grenoble.fr\/index.php\/wp-json\/wp\/v2\/users\/1"}],"replies":[{"embeddable":true,"href":"https:\/\/neurofeedback-grenoble.fr\/index.php\/wp-json\/wp\/v2\/comments?post=9"}],"version-history":[{"count":104,"href":"https:\/\/neurofeedback-grenoble.fr\/index.php\/wp-json\/wp\/v2\/pages\/9\/revisions"}],"predecessor-version":[{"id":1185,"href":"https:\/\/neurofeedback-grenoble.fr\/index.php\/wp-json\/wp\/v2\/pages\/9\/revisions\/1185"}],"wp:attachment":[{"href":"https:\/\/neurofeedback-grenoble.fr\/index.php\/wp-json\/wp\/v2\/media?parent=9"}],"curies":[{"name":"wp","href":"https:\/\/api.w.org\/{rel}","templated":true}]}}