{"id":74,"date":"2016-04-09T22:27:32","date_gmt":"2016-04-09T21:27:32","guid":{"rendered":"http:\/\/neurofeedback-grenoble.fr\/?page_id=74"},"modified":"2025-05-06T08:35:41","modified_gmt":"2025-05-06T07:35:41","slug":"pour-qui","status":"publish","type":"page","link":"https:\/\/neurofeedback-grenoble.fr\/","title":{"rendered":"Le neurofeedback"},"content":{"rendered":"<p>Un exc\u00e8s de stress, un manque de sommeil ou une \u00e9motion trop forte impacte les capacit\u00e9s du cerveau qui peuvent provoquer divers troubles. Le cerveau peut, de lui-m\u00eame et par ses propres m\u00e9canismes, se r\u00e9guler et se maintenir dans un \u00e9quilibre stable ; mais lorsqu&rsquo;il n&rsquo;y parvient plus, il lui faut de l&rsquo;aide.<\/p>\n<p>Le NEUROFEEDBACK (Dynamical Neurofeedback (c)) est une technique issue des neurosciences. Le NEUROFEEDBACK est une m\u00e9thode d&rsquo;entra\u00eenement et de r\u00e9gulation c\u00e9r\u00e9brale qui permet d&rsquo;am\u00e9liorer le fonctionnement et les capacit\u00e9s du cerveau en r\u00e9gulant son activit\u00e9. Gr\u00e2ce \u00e0 la plasticit\u00e9 c\u00e9r\u00e9brale, nous pouvons aider le cerveau \u00e0 modifier ses connexions neuronales et \u00e0 en cr\u00e9er de nouvelles. Ainsi le cerveau peut se restructurer et accro\u00eetre sa capacit\u00e9 d&rsquo;apprentissage.<\/p>\n<p>Un \u00e9quilibre stable est indispensable au bon fonctionnement de l&rsquo;organisme et du cerveau.<\/p>\n<p>Les sympt\u00f4mes de dysfonctionnement du syst\u00e8me nerveux central peuvent inclure :<\/p>\n<table>\n<tbody>\n<tr>\n<td>\n<p><strong>Des troubles physiologiques \u2026<\/strong><\/p>\n<ul>\n<li>insomnie et troubles du sommeil,<\/li>\n<li>migraine &amp; maux de t\u00eate,<\/li>\n<li>troubles gastro-intestinaux,<\/li>\n<li>TOC, TIC<\/li>\n<li>b\u00e9gaiement,<\/li>\n<li>acouph\u00e8nes,<\/li>\n<li>tremblements, douleurs chroniques,<\/li>\n<li>m\u00e9nopause, endom\u00e9triose,<\/li>\n<li>maladie de Parkinson,<\/li>\n<li>ecz\u00e9ma et autres probl\u00e8mes de peau,<\/li>\n<li>\u00e9pilepsie,<\/li>\n<li>apn\u00e9e du sommeil,<\/li>\n<li>hyper sensibilit\u00e9 \u00e9lectromagn\u00e9tique<\/li>\n<li>\u2026\u00a0<\/li>\n<\/ul>\n<\/td>\n<td><b>Des troubles de l\u2019humeur et du comportement \u2026<\/b>\n<p>\u00a0<\/p>\n<ul>\n<li><b><\/b>fatigue chronique,<\/li>\n<li>manque d\u2019\u00e9nergie,<\/li>\n<li>irritabilit\u00e9, nervosit\u00e9, agressivit\u00e9,<\/li>\n<li>chocs \u00e9motionnels &amp; traumatismes psychologiques,<\/li>\n<li>stress &amp; anxi\u00e9t\u00e9, \u00e9co-anxi\u00e9t\u00e9,<\/li>\n<li>\u00e9motivit\u00e9,<\/li>\n<li>phobies &amp; angoisses,<\/li>\n<li>manque de confiance en soi,<\/li>\n<li>sentiment de tristesse, d\u00e9pression &amp; burn out,<\/li>\n<li>hyperactivit\u00e9<\/li>\n<li>\u2026<\/li>\n<\/ul>\n<\/td>\n<\/tr>\n<tr>\n<td>\n<p><b>Des troubles cognitifs \u2026<\/b><\/p>\n<ul>\n<li><b><\/b>difficult\u00e9s de langage &amp; d\u2019apprentissage (tous troubles DYS),<\/li>\n<li>troubles d\u00e9ficitaires de l\u2019attention (TDA-H),<\/li>\n<li>troubles de la m\u00e9moire, de concentration, de la compr\u00e9hension,\u00a0<\/li>\n<li>s\u00e9quelles d&rsquo;AVC,<\/li>\n<li>autisme,<\/li>\n<li>maladie d\u2019Alzheimer,<\/li>\n<li>\u2026<\/li>\n<\/ul>\n<\/td>\n<td><strong>Des d\u00e9pendances et addictions \u2026<\/strong>\n<p>\u00a0<\/p>\n<ul>\n<li>alcool,<\/li>\n<li>cigarette,<\/li>\n<li>drogue,<\/li>\n<li>sucre,<\/li>\n<li>anorexie,<\/li>\n<li>boulimie,<\/li>\n<li>jeux,<\/li>\n<li>\u2026<\/li>\n<\/ul>\n<\/td>\n<\/tr>\n<\/tbody>\n<\/table>\n<p style=\"text-align: justify;\">B\u00e9b\u00e9s, enfants, adultes, personnes \u00e2g\u00e9es et handicap\u00e9es, gr\u00e2ce au\u00a0NEUROFEEDBACK\u00a0(Dynamical Neurofeedback\u00a9\ufe0f), nous pouvons tous aider notre cerveau \u00e0 se r\u00e9guler et \u00e0 s&rsquo;optimiser.<\/p>\n<p>Cette m\u00e9thode s&rsquo;adresse \u00e0 toute personne qui souhaite vivre mieux.\u00a0Au fur et \u00e0 mesure des s\u00e9ances, le cerveau corrige ses propres dysfonctionnements : on se sent plus concentr\u00e9, plus efficace, profond\u00e9ment relax\u00e9, l&rsquo;esprit en paix, le sommeil s&rsquo;am\u00e9liore et on se sent d\u00e9tendu. Quand le cerveau fonctionne avec tout son potentiel, la concentration est meilleure, le temps de d\u00e9cision se raccourcit, l&rsquo;attention est plus intense et sa dur\u00e9e s&rsquo;allonge. Les s\u00e9ances de NEUROFEEDBACK (Dynamical Neurofeedback<span style=\"text-align: left; text-transform: none; text-indent: 0px; letter-spacing: normal; font-family: 'Noto Serif'; font-size: 16px; font-style: normal; font-variant: normal; font-weight: 400; text-decoration: none; word-spacing: 0px; display: inline !important; white-space: normal; cursor: text; orphans: 2; float: none; -webkit-text-stroke-width: 0px; background-color: transparent;\">\u00a9\ufe0f)<\/span> permettent de reprendre le contr\u00f4le de soi, de sentir mieux dans son corps, mieux dans sa t\u00eate et de mieux g\u00e9rer ses \u00e9motions. <strong>Le NEUROFEEDBACK ne se soustrait en aucun cas<\/strong> <strong>\u00e0 un traitement m\u00e9dical. S&rsquo;agissant d&rsquo;une m\u00e9thode de bien \u00eatre, il n&rsquo;y<\/strong> <strong>a aucun diagnostic.<\/strong><\/p>\n<p>Les \u00e9tudiants de tous les \u00e2ges apprennent plus vite et plus efficacement.<\/p>\n<p>Bien que ce ne soit pas un traitement m\u00e9dical, de nombreuses personnes ont \u00e9prouv\u00e9 des soulagements tr\u00e8s vari\u00e9s.<span style=\"color: #3366ff;\"> <strong>Le s\u00e9rieux scientifique du\u00a0NEUROFEEDBACK n&rsquo;est plus \u00e0 d\u00e9montrer<\/strong><\/span>, il est\u00a0\u00e9galement utilis\u00e9 par divers professionnels de sant\u00e9.<\/p>\n<p>Des athl\u00e8tes professionnels, \u00e9tudiants, artistes et musiciens ont \u00e9galement reconnu leurs <strong>performances am\u00e9lior\u00e9es<\/strong> gr\u00e2ce au NEUROFEEDBACK (Dynamical Neurofeedback\u00a9\ufe0f).<\/p>\n<p><em><strong>A savoir<\/strong><\/em>\u00a0: Les capteurs pos\u00e9s sur la t\u00eate et les oreilles servent uniquement \u00e0 mesurer l&rsquo;activit\u00e9 \u00e9lectrique du cerveau ;\u00a0aucun courant \u00e9lectrique ne peut atteindre le cerveau.<\/p>\n<p>Chacun \u00e9valuera, en fonction de ce qu&rsquo;il ressent et des changements souhait\u00e9s, le nombre de s\u00e9ances n\u00e9cessaires. <strong>Le nombre de s\u00e9ances ne peut \u00eatre estim\u00e9 \u00e0 l\u02bcavance car chaque cerveau apprend diff\u00e9remment<\/strong>. Les \u00e9tudes montrent que les premiers effets b\u00e9n\u00e9fiques apparaissent souvent apr\u00e8s 5 ou 6 s\u00e9ances et il est souhaitable de poursuivre l&rsquo;entra\u00eenement selon les objectifs que l\u02bcon s\u02bcest fix\u00e9.<\/p>\n\n\n<p><\/p>\n","protected":false},"excerpt":{"rendered":"<p>Un exc\u00e8s de stress, un manque de sommeil ou une \u00e9motion trop forte impacte les capacit\u00e9s du cerveau qui peuvent provoquer divers troubles. Le cerveau peut, de lui-m\u00eame et par ses propres m\u00e9canismes, se r\u00e9guler et se maintenir dans un &hellip; <a href=\"https:\/\/neurofeedback-grenoble.fr\/\">Lire la suite <span class=\"meta-nav\">&rarr;<\/span><\/a><\/p>\n","protected":false},"author":1,"featured_media":0,"parent":0,"menu_order":0,"comment_status":"closed","ping_status":"closed","template":"","meta":[],"_links":{"self":[{"href":"https:\/\/neurofeedback-grenoble.fr\/index.php\/wp-json\/wp\/v2\/pages\/74"}],"collection":[{"href":"https:\/\/neurofeedback-grenoble.fr\/index.php\/wp-json\/wp\/v2\/pages"}],"about":[{"href":"https:\/\/neurofeedback-grenoble.fr\/index.php\/wp-json\/wp\/v2\/types\/page"}],"author":[{"embeddable":true,"href":"https:\/\/neurofeedback-grenoble.fr\/index.php\/wp-json\/wp\/v2\/users\/1"}],"replies":[{"embeddable":true,"href":"https:\/\/neurofeedback-grenoble.fr\/index.php\/wp-json\/wp\/v2\/comments?post=74"}],"version-history":[{"count":92,"href":"https:\/\/neurofeedback-grenoble.fr\/index.php\/wp-json\/wp\/v2\/pages\/74\/revisions"}],"predecessor-version":[{"id":1169,"href":"https:\/\/neurofeedback-grenoble.fr\/index.php\/wp-json\/wp\/v2\/pages\/74\/revisions\/1169"}],"wp:attachment":[{"href":"https:\/\/neurofeedback-grenoble.fr\/index.php\/wp-json\/wp\/v2\/media?parent=74"}],"curies":[{"name":"wp","href":"https:\/\/api.w.org\/{rel}","templated":true}]}}