{"id":404,"date":"2017-07-17T13:19:24","date_gmt":"2017-07-17T12:19:24","guid":{"rendered":"http:\/\/neurofeedback-grenoble.fr\/?page_id=404"},"modified":"2025-12-15T14:14:44","modified_gmt":"2025-12-15T13:14:44","slug":"temoignages","status":"publish","type":"page","link":"https:\/\/neurofeedback-grenoble.fr\/index.php\/temoignages\/","title":{"rendered":"Bilans de potentiels"},"content":{"rendered":"<p>Je travaille sur le cerveau, la m\u00e9moire et les \u00e9motions depuis dix ans. Je suis passionn\u00e9e par mon activit\u00e9 et ne me lasse pas d&rsquo;apprendre et de d\u00e9velopper des comp\u00e9tences pour vous accompagner.<\/p>\n<p>Le bilan de potentiels permet de faire le lien entre ces trois domaines.<\/p>\n<p><strong><em>Qui suis-je vraiment\u00a0? <\/em><\/strong><\/p>\n<p><strong><em>Comment je fonctionne au quotidien ? <\/em><\/strong><\/p>\n<p><strong><em>Qu\u2019est-ce que j\u2019ai envie de faire\u00a0? <\/em><\/strong><\/p>\n<p><strong><em>Quels sont mes points forts qui vont me permettre de m\u2019\u00e9panouir\u00a0? <\/em><\/strong><\/p>\n<p><strong><em>Quels sont <u>les secteurs d\u2019activit\u00e9s <\/u>qui peuvent me convenir ? <\/em><\/strong><\/p>\n<p><strong><em>Quelles <u>fonctions<\/u> je peux d\u00e9velopper dans une entreprise\u00a0? <\/em><\/strong><\/p>\n<p><strong><em>Est-ce que ce projet-l\u00e0 est bien le mien\u00a0?<\/em><\/strong><\/p>\n<p><span style=\"color: #000000;\">POTENTIALIS\u00ae est une m\u00e9thode p\u00e9dagogique d\u2019accompagnement \u00e0 l\u2019auto-\u00e9valuation pour l\u2019identification des points forts de chacun. Issu des sciences cognitives et des recherches en neurosciences, POTENTIALIS\u00ae est une m\u00e9thode valid\u00e9e scientifiquement par la fondation M\u00e9rieux. Cette m\u00e9thode est d\u00e9pos\u00e9e \u00e0 l\u2019INPI de Lyon et est g\u00e9r\u00e9e par l\u2019association Mm2i (des M\u00e9thodologies pour le Management, l\u2019Imagination et l\u2019Information).<\/span><\/p>\n<p><span style=\"color: #000000;\">300 000 personnes ont d\u00e9j\u00e0 fait ce bilan.<\/span><\/p>\n<p><span style=\"color: #000000;\"><strong> <u>Vous allez \u00eatre acteur de votre bilan<\/u> <\/strong> : vous effectuerez des petits exercices ludiques.<\/span><\/p>\n<p><span style=\"color: #000000;\">Vous allez\u00a0d\u00e9couvrir :<\/span><\/p>\n<p><span style=\"color: #000000;\">&#8211; vos forces, vos ressources, vos aptitudes, vos talents &#8230;. qui sont sources de motivation,<\/span><\/p>\n<p><span style=\"color: #000000;\">&#8211; vos possibilit\u00e9s de d\u00e9veloppement et d\u2019\u00e9volution,<\/span><\/p>\n<p><span style=\"color: #000000;\">&#8211; votre mode de traitement des informations (gr\u00e2ce \u00e0 l\u2019\u00e9valuation de vos potentiels sensoriels, de vos potentiels de cr\u00e9ativit\u00e9, de vos potentiels de raisonnement logique et de vos potentiels de communication).<\/span><\/p>\n<p><span style=\"color: #0000ff;\">Le but est de :<\/span><\/p>\n<p><span style=\"color: #0000ff;\">&#8211; pr\u00e9ciser votre orientation scolaire,<\/span><\/p>\n<p><span style=\"color: #0000ff;\">&#8211; formaliser vos projets professionnels et personnels,<\/span><\/p>\n<p><span style=\"color: #0000ff;\">&#8211; apprendre \u00e0 mieux vous conna\u00eetre : en d\u00e9couvrant votre propre fonctionnement dans l\u2019apprentissage et la m\u00e9morisation,<\/span><\/p>\n<p><span style=\"color: #0000ff;\">&#8211; piloter et valoriser les projets et les comp\u00e9tences de l\u2019Homme et de l\u2019entreprise,<\/span><\/p>\n<p><strong><span style=\"color: #0000ff;\">&#8211; choisir une vie \u00e9panouissante et de donner un sens \u00e0 votre vie.<\/span><\/strong><\/p>\n<p><strong> <span style=\"color: #000000;\">Un potentiel est une puissance que nous avons en r\u00e9serve ; c\u2019est une capacit\u00e9 que l\u2019on a.<\/span> <\/strong> <strong> <span style=\"color: #000000;\">Nos potentiels r\u00e9unis sont \u00e0 l\u2019origine de nos<\/span> <\/strong> <strong>comp\u00e9tences<\/strong> <span style=\"color: #000000;\">(je suis \u00e9quip\u00e9e du logiciel POL qui permet de convertir les potentiels en comp\u00e9tences).<\/span><\/p>\n<p><strong><span style=\"color: #000000;\">Un potentiel fort va g\u00e9n\u00e9rer des r\u00e9ussites dans certains domaines et des comp\u00e9tences professionnelles. Quand un potentiel fort est utilis\u00e9, c\u2019est une source de force, dynamisme, performance, plaisir et r\u00e9ussite.<\/span><\/strong><\/p>\n<p><strong> <span style=\"color: #000000;\">Un potentiel fort non utilis\u00e9 est source de fatigue, de stress et de d\u00e9motivation<\/span> <\/strong> <span style=\"color: #000000;\">(et peut conduire au burn out).<\/span><\/p>\n<p><span style=\"color: #000000;\">Chaque personne est diff\u00e9rente, chacun poss\u00e8de sa propre histoire de vie personnelle et professionnelle, avec de multiples talents et potentiels. C\u2019est l\u2019exploitation de vos potentiels forts (et donc motivants) qui donnera un sens \u00e0 votre vie. Conna\u00eetre ses potentiels permet de se d\u00e9couvrir, de se sentir l\u00e9gitime et confiant dans ce que l\u2019on fait. Toute personne a besoin de bien conna\u00eetre ses ressources pour s\u2019adapter \u00e0 diff\u00e9rentes situations, pour s\u2019orienter, pour augmenter ses performances ; et aussi obtenir la reconnaissance de son entourage.<\/span><\/p>\n<p><span style=\"color: #000000;\"><u>Des exemples d\u2019entreprises ou centres qui ont utilis\u00e9 POTENTIALIS<\/u> \u00ae\u00a0:<\/span><\/p>\n<p><span style=\"color: #000000;\">INRA, CCI, ANPE, P\u00f4le de conversion du Creusot, APOR, Hospices civils de Lyon, Missions locales, AFPA, CRP, ADAPT, Centre du Prado, CESI Lyon, EPLEFPA, MSA, CRAFEP, EN3S St Etienne, DRASS Rh\u00f4ne-Alpes, HCL Groupe Hospitalier P\u00f4le Est, ESDESS Lyon&#8230; et de nombreux \u00e9l\u00e8ves de l\u2019enseignement primaire, secondaire et universitaire.<\/span><\/p>\n<p><span style=\"color: #000000;\"> <em>Pr\u00e9voir 4 heures pour le bilan + 1 heure pour la relecture ensemble + 1 suivi quelques mois apr\u00e8s si besoin (Tarif : 450 \u20ac ).<\/em>\u00a0<\/span><\/p>\n<p><span style=\"color: #000000;\">En face \u00e0 face ou en visio.<\/span><\/p>\n<p><strong><span style=\"color: #000000;\"><em>Myriam Lesou\u00ebf <\/em><\/span><\/strong> &#8211; <span style=\"color: #000000;\"><em>Entreprise Individelle (EI) &#8211; <\/em><\/span><strong><span style=\"color: #000000;\"><em>06 68 19 49 30<\/em><\/span><\/strong><\/p>\n<div data-offset-key=\"9bbid-0-0\">\n<p><span style=\"color: #000000;\"><strong><em>\u00ab La motivation pour un m\u00e9tier ne s\u2019appuie pas que sur le niveau scolaire. Il faut rep\u00e9rer des aptitudes et des capacit\u00e9s que l\u2019on n\u2019a pas coutume d\u2019\u00e9valuer \u00e0 l\u2019\u00e9cole : les potentiels. \u00bb<\/em><\/strong><\/span> <span style=\"color: #000000;\">M.R. Rollet, fondatrice de la m\u00e9thode POTENTIALIS.<\/span><\/p>\n<\/div>\n<p><a href=\"https:\/\/mm2i-potentialis.fr\/\">Mm2i &#8211; Accueil (mm2i-potentialis.fr)<\/a><\/p>\n<div data-offset-key=\"9bbid-0-0\">\n<div data-offset-key=\"9bbid-0-0\"><span style=\"color: #ffffff;\">.<\/span><\/div>\n<\/div>\n<div data-offset-key=\"9bbid-0-0\"><span style=\"color: #ffffff;\">.<\/span><\/div>\n","protected":false},"excerpt":{"rendered":"<p>Je travaille sur le cerveau, la m\u00e9moire et les \u00e9motions depuis dix ans. Je suis passionn\u00e9e par mon activit\u00e9 et ne me lasse pas d&rsquo;apprendre et de d\u00e9velopper des comp\u00e9tences pour vous accompagner. Le bilan de potentiels permet de faire &hellip; <a href=\"https:\/\/neurofeedback-grenoble.fr\/index.php\/temoignages\/\">Lire la suite <span class=\"meta-nav\">&rarr;<\/span><\/a><\/p>\n","protected":false},"author":1,"featured_media":0,"parent":0,"menu_order":0,"comment_status":"closed","ping_status":"closed","template":"","meta":[],"_links":{"self":[{"href":"https:\/\/neurofeedback-grenoble.fr\/index.php\/wp-json\/wp\/v2\/pages\/404"}],"collection":[{"href":"https:\/\/neurofeedback-grenoble.fr\/index.php\/wp-json\/wp\/v2\/pages"}],"about":[{"href":"https:\/\/neurofeedback-grenoble.fr\/index.php\/wp-json\/wp\/v2\/types\/page"}],"author":[{"embeddable":true,"href":"https:\/\/neurofeedback-grenoble.fr\/index.php\/wp-json\/wp\/v2\/users\/1"}],"replies":[{"embeddable":true,"href":"https:\/\/neurofeedback-grenoble.fr\/index.php\/wp-json\/wp\/v2\/comments?post=404"}],"version-history":[{"count":74,"href":"https:\/\/neurofeedback-grenoble.fr\/index.php\/wp-json\/wp\/v2\/pages\/404\/revisions"}],"predecessor-version":[{"id":1184,"href":"https:\/\/neurofeedback-grenoble.fr\/index.php\/wp-json\/wp\/v2\/pages\/404\/revisions\/1184"}],"wp:attachment":[{"href":"https:\/\/neurofeedback-grenoble.fr\/index.php\/wp-json\/wp\/v2\/media?parent=404"}],"curies":[{"name":"wp","href":"https:\/\/api.w.org\/{rel}","templated":true}]}}